{"id":3172,"date":"2023-12-07T21:42:31","date_gmt":"2023-12-07T21:42:31","guid":{"rendered":"https:\/\/eax.overwall.fr\/gestion-des-cookies\/"},"modified":"2026-03-19T23:15:10","modified_gmt":"2026-03-19T23:15:10","slug":"gestion-des-cookies","status":"publish","type":"page","link":"https:\/\/energy-assistance.org\/en\/gestion-des-cookies\/","title":{"rendered":"Gestion des cookies"},"content":{"rendered":"\t\t<div data-elementor-type=\"wp-page\" data-elementor-id=\"3172\" class=\"elementor elementor-3172 elementor-3140\" data-elementor-post-type=\"page\">\n\t\t\t\t\t\t<section class=\"elementor-section elementor-top-section elementor-element elementor-element-c16bc69 elementor-section-height-min-height elementor-section-boxed elementor-section-height-default elementor-section-items-middle\" data-id=\"c16bc69\" data-element_type=\"section\" data-e-type=\"section\" data-settings=\"{&quot;background_background&quot;:&quot;classic&quot;}\">\n\t\t\t\t\t\t\t<div class=\"elementor-background-overlay\"><\/div>\n\t\t\t\t\t\t\t<div class=\"elementor-container elementor-column-gap-default\">\n\t\t\t\t\t<div class=\"elementor-column elementor-col-100 elementor-top-column elementor-element elementor-element-9a1600d\" data-id=\"9a1600d\" data-element_type=\"column\" data-e-type=\"column\">\n\t\t\t<div class=\"elementor-widget-wrap elementor-element-populated\">\n\t\t\t\t\t\t<div class=\"elementor-element elementor-element-2fa71ae elementor-widget elementor-widget-heading\" data-id=\"2fa71ae\" data-element_type=\"widget\" data-e-type=\"widget\" data-widget_type=\"heading.default\">\n\t\t\t\t<div class=\"elementor-widget-container\">\n\t\t\t\t\t<h1 class=\"elementor-heading-title elementor-size-default\">Gestion des cookies<\/h1>\t\t\t\t<\/div>\n\t\t\t\t<\/div>\n\t\t\t\t\t<\/div>\n\t\t<\/div>\n\t\t\t\t\t<\/div>\n\t\t<\/section>\n\t\t\t\t<section class=\"elementor-section elementor-top-section elementor-element elementor-element-85dad02 elementor-section-boxed elementor-section-height-default elementor-section-height-default\" data-id=\"85dad02\" data-element_type=\"section\" data-e-type=\"section\">\n\t\t\t\t\t\t<div class=\"elementor-container elementor-column-gap-default\">\n\t\t\t\t\t<div class=\"elementor-column elementor-col-100 elementor-top-column elementor-element elementor-element-38a02fd\" data-id=\"38a02fd\" data-element_type=\"column\" data-e-type=\"column\">\n\t\t\t<div class=\"elementor-widget-wrap elementor-element-populated\">\n\t\t\t\t\t\t<div class=\"elementor-element elementor-element-084a2d6 elementor-widget elementor-widget-text-editor\" data-id=\"084a2d6\" data-element_type=\"widget\" data-e-type=\"widget\" data-widget_type=\"text-editor.default\">\n\t\t\t\t<div class=\"elementor-widget-container\">\n\t\t\t\t\t\t\t\t\t<div>\n<h2>I. Charte de gestion des cookies et autres traceurs par ENERGY ASSISTANCE<\/h2>\n<h3>1 \u2013 Principe&nbsp;<\/h3>\n<p>Sont concern\u00e9s les traceurs d\u00e9pos\u00e9s et lus par exemple lors de la consultation de cette plateforme, de la lecture d\u2019un courrier \u00e9lectronique, de l\u2019installation ou de l\u2019utilisation d\u2019un logiciel ou d\u2019une application mobile et ce, quel que soit le type de terminal utilis\u00e9 tels qu\u2019un ordinateur, un Smartphone, une liseuse num\u00e9rique et une console de jeux vid\u00e9os connect\u00e9e \u00e0 Internet.<\/p>\n<p>Vous pouvez \u00e0 tout moment supprimer les \u00ab cookies \u00bb install\u00e9s sur votre ordinateur, vous opposer \u00e0 l\u2019enregistrement de nouveaux \u00ab cookies \u00bb et recevoir une notification avant l\u2019installation d\u2019un nouveau cookie.<\/p>\n<p>Les traceurs sont d\u00e9pos\u00e9es sur votre terminal d\u00e8s lors que vous donnez votre consentement de mani\u00e8re active. Le d\u00e9p\u00f4t et la lecture de traceurs ne doivent pas \u00eatre effectu\u00e9s, dans les cas suivants :<\/p>\n<ul>\n<li>Si vous n\u2019acceptez aucun traceur&nbsp;;<\/li>\n<li>Si vous vous cliquez sur le lien pr\u00e9sent dans le bandeau vous permettant de param\u00e9trer les cookies ou autres traceurs, et le cas \u00e9ch\u00e9ant, de refuser le d\u00e9p\u00f4t de ces derniers.<\/li>\n<\/ul>\n<p>Veuillez noter que si vous d\u00e9sinstallez un \u00ab cookie \u00bb fonctionnel (cookies d\u2019authentification, etc.) , vous risquez de ne pas \u00eatre en mesure de b\u00e9n\u00e9ficier de certains des services.<\/p>\n<h3>2 \u2013 Comment supprimer et param\u00e9trer vos cookies ou autres traceurs<\/h3>\n<p>Notre plateforme utilise des traceurs. Lors de votre premi\u00e8re visite sur cette plateforme, un bandeau vous informe de la pr\u00e9sence de ces traceurs et vous invite \u00e0 indiquer votre choix. Ils ne sont d\u00e9pos\u00e9s que si vous les acceptez. Vous pouvez cliquer sur \u00ab&nbsp;en savoir plus&nbsp;\u00bb pour refuser tous \/ une partie des traceurs d\u00e9pos\u00e9s.<\/p>\n<p>Vous pouvez \u00e0 tout moment vous informer et param\u00e9trer vos traceurs pour les accepter ou les refuser en vous rendant sur la page&nbsp;[Gestion des cookies]. Vous pourrez indiquer votre pr\u00e9f\u00e9rence soit globalement pour le site, soit service par service.<\/p>\n<p>Pour en savoir plus sur les cookies et param\u00e9trer votre navigateur, nous vous invitons \u00e0 consulter cette page&nbsp;:&nbsp;<a href=\"https:\/\/www.cnil.fr\/fr\/cookies-les-outils-pour-les-maitriser\">https:\/\/www.cnil.fr\/fr\/cookies-les-outils-pour-les-maitriser<\/a>.<\/p>\n<h3>3 \u2013 Types de cookies, traceurs et param\u00e9trage<\/h3>\n<p>Les cookies qui peuvent \u00eatre install\u00e9s sur votre serveur lorsque vous naviguez sur le site sont des cookies qui ont soit pour finalit\u00e9 exclusive de permettre ou de faciliter la communication par voie \u00e9lectronique ou qui sont strictement n\u00e9cessaires \u00e0 la fourniture du service que vous demandez (cookies de langues, cookies d\u2019identification \u2026), soit des cookies de statistiques ou autres cookies dans les conditions d\u00e9crites ci-dessous.<\/p>\n<p>Lorsque les cookies exigent votre accord pr\u00e9alable \u00e0 leur installation ENERGY ASSISTANCE&nbsp;vous le demande au moyen du lien \u00ab pour en savoir plus \u00bb.<\/p>\n<p>Les cookies sont d\u00e9pos\u00e9s sur votre terminal d\u00e8s lors que vous poursuivez votre navigation (en vous rendant sur une autre page du site ou en cliquant sur un \u00e9l\u00e9ment du site (image, lien, etc.). Le d\u00e9p\u00f4t et la lecture de Cookies ne doivent pas \u00eatre effectu\u00e9s, dans les cas suivants&nbsp;:<\/p>\n<ul>\n<li>Si vous vous rendez sur le site et que vous ne poursuiviez pas votre navigation&nbsp;;<\/li>\n<li>Si vous vous cliquez sur le lien pr\u00e9sent dans le bandeau vous permettant de param\u00e9trer les cookies, et le cas \u00e9ch\u00e9ant, de refuser le d\u00e9p\u00f4t de ces derniers.<\/li>\n<\/ul>\n<\/div>\n<div>\n<h2>II.&nbsp;Gestion de mon consentement<\/h2>\n<p>Ce site web utilise des cookies..<\/p>\n<p><strong>La poursuite de la navigation sans acte positif de l\u2019Utilisateur n\u2019entraine pas de d\u00e9p\u00f4t des cookies, \u00e0 l\u2019exception des cookies strictement n\u00e9cessaires \u00e0 la bonne utilisation du Site.<\/strong><\/p>\n<p>Des traceurs, les cookies, sont d\u00e9pos\u00e9s par ENERGY ASSISTANCE&nbsp;sur votre terminal et\/ou lus depuis celui-ci lors de la consultation de notre site. Ils nous permettent de personnaliser le contenu et les annonces, d\u2019offrir des fonctionnalit\u00e9s relatives aux m\u00e9dias sociaux et d\u2019analyser notre trafic. Nous partageons \u00e9galement des informations sur l\u2019utilisation de notre site avec nos partenaires de m\u00e9dias sociaux, de publicit\u00e9 et d\u2019analyse, qui peuvent combiner celles-ci avec d\u2019autres informations que vous leur avez fournies ou qu\u2019ils ont collect\u00e9es lors de votre utilisation de leurs services.<\/p>\n<p><strong>Vous pouvez, \u00e0 tout moment, modifier l\u2019ensemble de vos choix via notre centre de pr\u00e9f\u00e9rences en cliquant sur \u00ab&nbsp;Gestion des cookies&nbsp;\u00bb en bas de l\u2019\u00e9cran, \u00e0 l\u2019exception des cookies n\u00e9cessaires au fonctionnement des services.<\/strong><\/p>\n<p>Les cookies sont des petits fichiers textes qui peuvent \u00eatre utilis\u00e9s par les sites web pour rendre l\u2019exp\u00e9rience utilisateur plus efficace. La loi stipule que nous ne pouvons stocker des cookies sur votre appareil que s\u2019ils sont strictement n\u00e9cessaires au fonctionnement de ce site. Pour tous les autres types de cookies, nous avons besoin de votre permission. Ce site utilise diff\u00e9rents types de cookies. Certains cookies sont plac\u00e9s par les services tiers qui apparaissent sur nos pages. \u00c0 tout moment, vous pouvez modifier ou retirer votre consentement d\u00e8s la D\u00e9claration relative aux cookies sur notre site web.<\/p>\n<ul>\n<li><strong>L\u2019identifiant ci-dessous est propre au navigateur utilis\u00e9. Si vous utilisez un autre navigateur, un nouvel identifiant vous sera attribu\u00e9.<\/strong><\/li>\n<\/ul>\n<p>Votre consentement s\u2019applique aux domaines suivants :&nbsp;<span style=\"color: var( --e-global-color-text );font-family: var( --e-global-typography-text-font-family ), Sans-serif;font-size: 1rem\">www.energy-assistance.org<\/span><\/p>\n<\/div>\n<div>\n<h3>N\u00e9cessaires<\/h3>\n<p>Energy Assistance et ses partenaires utilisent des cookies dits \u00ab n\u00e9cessaires \u00bb qui contribuent \u00e0 rendre le site web s\u00e9curis\u00e9 et utilisable via des fonctionnalit\u00e9s primaires telles que la navigation de page, la m\u00e9morisation de vos pr\u00e9f\u00e9rences utilisateur (en ce qui concerne le choix de pr\u00e9sentation du service, le choix en termes de cookies) ou encore &nbsp;l\u2019acc\u00e8s aux zones s\u00e9curis\u00e9es du site web. Le Site web ne peut pas fonctionner correctement sans ces cookies.<\/p>\n<table>\n<tbody>\n<tr>\n<td>CookieConsent<\/td>\n<td>Axeptio<\/td>\n<td>Stocke l\u2019autorisation d\u2019utilisation de cookies pour le domaine actuel par l\u2019utilisateur<\/td>\n<td>6 mois<\/td>\n<td>HTTP Cookie<\/td>\n<\/tr>\n<\/tbody>\n<\/table>\n<h3><strong>Statistiques<\/strong><\/h3>\n<p>ENERGY ASSISTANCE et ses partenaires utilisent des cookies dits statistiques qui aident les propri\u00e9taires du site web, par la collecte et la communication d\u2019informations de mani\u00e8re anonyme, \u00e0 comprendre comment les visiteurs interagissent avec ce site en calculant par exemple le&nbsp; nombre de visites par un m\u00eame utilisateur ou encore la dur\u00e9e de la visite.<\/p>\n<table>\n<colgroup>\n<col>\n<col>\n<col>\n<col>\n<col><\/colgroup>\n<thead>\n<tr>\n<th dir=\"ltr\" scope=\"col\">Nom<\/th>\n<th dir=\"ltr\" scope=\"col\">Fournisseur<\/th>\n<th dir=\"ltr\" scope=\"col\">Finalit\u00e9<\/th>\n<th dir=\"ltr\" scope=\"col\">Expiration<\/th>\n<th dir=\"ltr\" scope=\"col\">Type<\/th>\n<\/tr>\n<\/thead>\n<tbody>\n<tr>\n<td>_ga<\/td>\n<td><a title=\"la politique de confidentialit\u00e9 de Google\" href=\"https:\/\/policies.google.com\/privacy\" target=\"_blank\" rel=\"noopener noreferrer nofollow\">Google<\/a><\/td>\n<td>Enregistre un identifiant unique utilis\u00e9 pour g\u00e9n\u00e9rer des donn\u00e9es statistiques sur la fa\u00e7on dont le visiteur utilise le site.<\/td>\n<td>2 ann\u00e9es<\/td>\n<td>HTTP Cookie<\/td>\n<\/tr>\n<tr>\n<td>_gat<\/td>\n<td><a title=\"la politique de confidentialit\u00e9 de Google\" href=\"https:\/\/policies.google.com\/privacy\" target=\"_blank\" rel=\"noopener noreferrer nofollow\">Google<\/a><\/td>\n<td>Utilis\u00e9 par Google Analytics pour diminuer radicalement le taux de requ\u00eates<\/td>\n<td>1 jour<\/td>\n<td>HTTP Cookie<\/td>\n<\/tr>\n<tr>\n<td>_gcl_au<\/td>\n<td><a title=\"la politique de confidentialit\u00e9 de Google Tag Manager\" href=\"https:\/\/policies.google.com\/privacy\" target=\"_blank\" rel=\"noopener noreferrer nofollow\">Google Tag Manager<\/a><\/td>\n<td>Utilis\u00e9 par Google AdSense pour exp\u00e9rimenter l\u2019efficacit\u00e9 de la publicit\u00e9 sur de divers sites Web en utilisant leurs services.<\/td>\n<td>3 mois<\/td>\n<td>HTTP Cookie<\/td>\n<\/tr>\n<tr>\n<td>_gid<\/td>\n<td><a title=\"la politique de confidentialit\u00e9 de Google\" href=\"https:\/\/policies.google.com\/privacy\" target=\"_blank\" rel=\"noopener noreferrer nofollow\">Google<\/a><\/td>\n<td>Enregistre un identifiant unique utilis\u00e9 pour g\u00e9n\u00e9rer des donn\u00e9es statistiques sur la fa\u00e7on dont le visiteur utilise le site.<\/td>\n<td>1 jour<\/td>\n<td>HTTP Cookie<\/td>\n<\/tr>\n<tr>\n<td>collect<\/td>\n<td><a title=\"la politique de confidentialit\u00e9 de Google\" href=\"https:\/\/policies.google.com\/privacy\" target=\"_blank\" rel=\"noopener noreferrer nofollow\">Google<\/a><\/td>\n<td>Utilis\u00e9 pour envoyer des donn\u00e9es \u00e0 Google Analytics sur le p\u00e9riph\u00e9rique et le comportement du visiteur. Suit l\u2019internaute \u00e0 travers les appareils et les canaux de marketing.<\/td>\n<td>Session<\/td>\n<td>Pixel Tracker<\/td>\n<\/tr>\n<tr>\n<td>test_cookie<\/td>\n<td><a title=\"la politique de confidentialit\u00e9 de Google\" href=\"https:\/\/policies.google.com\/privacy\" target=\"_blank\" rel=\"noopener noreferrer nofollow\">Google<\/a><\/td>\n<td>Utilis\u00e9 pour v\u00e9rifier si le navigateur de l\u2019utilisateur accepte les cookies.<\/td>\n<td>1 jour<\/td>\n<td>&nbsp;<\/td>\n<\/tr>\n<\/tbody>\n<\/table>\n<\/div>\t\t\t\t\t\t\t\t<\/div>\n\t\t\t\t<\/div>\n\t\t\t\t<div class=\"elementor-element elementor-element-392dc1e elementor-widget elementor-widget-heading\" data-id=\"392dc1e\" data-element_type=\"widget\" data-e-type=\"widget\" data-widget_type=\"heading.default\">\n\t\t\t\t<div class=\"elementor-widget-container\">\n\t\t\t\t\t<h2 class=\"elementor-heading-title elementor-size-default\">Modifier vos param\u00e8tres sur les cookies<\/h2>\t\t\t\t<\/div>\n\t\t\t\t<\/div>\n\t\t\t\t<div class=\"elementor-element elementor-element-1d7eb11 elementor-widget elementor-widget-shortcode\" data-id=\"1d7eb11\" data-element_type=\"widget\" data-e-type=\"widget\" data-widget_type=\"shortcode.default\">\n\t\t\t\t<div class=\"elementor-widget-container\">\n\t\t\t\t\t\t\t<div class=\"elementor-shortcode\"><div id=\"cmplz-manage-consent-container-nojavascript\">You have loaded the Cookie Policy without javascript support.&nbsp;On AMP, you can use the manage consent button on the bottom of the page.<\/div><div id=\"cmplz-manage-consent-container\" name=\"cmplz-manage-consent-container\" class=\"cmplz-manage-consent-container\"><\/div><\/div>\n\t\t\t\t\t\t<\/div>\n\t\t\t\t<\/div>\n\t\t\t\t\t<\/div>\n\t\t<\/div>\n\t\t\t\t\t<\/div>\n\t\t<\/section>\n\t\t\t\t<\/div>\n\t\t","protected":false},"excerpt":{"rendered":"<p>Gestion des cookies I. Charte de gestion des cookies et autres traceurs par ENERGY ASSISTANCE 1 \u2013 Principe&nbsp; Sont concern\u00e9s les traceurs d\u00e9pos\u00e9s et lus par exemple lors de la consultation de cette plateforme, de la lecture d\u2019un courrier \u00e9lectronique, de l\u2019installation ou de l\u2019utilisation d\u2019un logiciel ou d\u2019une application mobile et ce, quel que [&hellip;]<\/p>\n","protected":false},"author":2,"featured_media":0,"parent":0,"menu_order":0,"comment_status":"closed","ping_status":"closed","template":"","meta":{"footnotes":""},"class_list":["post-3172","page","type-page","status-publish","hentry"],"yoast_head":"<!-- This site is optimized with the Yoast SEO plugin v27.2 - https:\/\/yoast.com\/product\/yoast-seo-wordpress\/ -->\n<title>Gestion des cookies - Energy Assistance<\/title>\n<meta name=\"robots\" content=\"index, follow, max-snippet:-1, max-image-preview:large, max-video-preview:-1\" \/>\n<link rel=\"canonical\" href=\"https:\/\/energy-assistance.org\/en\/gestion-des-cookies\/\" \/>\n<meta property=\"og:locale\" content=\"en_US\" \/>\n<meta property=\"og:type\" content=\"article\" \/>\n<meta property=\"og:title\" content=\"Gestion des cookies - Energy Assistance\" \/>\n<meta property=\"og:description\" content=\"Gestion des cookies I. Charte de gestion des cookies et autres traceurs par ENERGY ASSISTANCE 1 \u2013 Principe&nbsp; Sont concern\u00e9s les traceurs d\u00e9pos\u00e9s et lus par exemple lors de la consultation de cette plateforme, de la lecture d\u2019un courrier \u00e9lectronique, de l\u2019installation ou de l\u2019utilisation d\u2019un logiciel ou d\u2019une application mobile et ce, quel que [&hellip;]\" \/>\n<meta property=\"og:url\" content=\"https:\/\/energy-assistance.org\/en\/gestion-des-cookies\/\" \/>\n<meta property=\"og:site_name\" content=\"Energy Assistance\" \/>\n<meta property=\"article:modified_time\" content=\"2026-03-19T23:15:10+00:00\" \/>\n<meta property=\"og:image\" content=\"https:\/\/energy-assistance.org\/wp-content\/uploads\/2023\/11\/2023-08-19-Amah-Belgique-647-Mesnil-St-Blaise-41-Grande.jpeg\" \/>\n\t<meta property=\"og:image:width\" content=\"1280\" \/>\n\t<meta property=\"og:image:height\" content=\"1280\" \/>\n\t<meta property=\"og:image:type\" content=\"image\/jpeg\" \/>\n<meta name=\"twitter:card\" content=\"summary_large_image\" \/>\n<meta name=\"twitter:label1\" content=\"Est. reading time\" \/>\n\t<meta name=\"twitter:data1\" content=\"6 minutes\" \/>\n<script type=\"application\/ld+json\" class=\"yoast-schema-graph\">{\"@context\":\"https:\/\/schema.org\",\"@graph\":[{\"@type\":\"WebPage\",\"@id\":\"https:\/\/energy-assistance.org\/en\/gestion-des-cookies\/\",\"url\":\"https:\/\/energy-assistance.org\/en\/gestion-des-cookies\/\",\"name\":\"Gestion des cookies - Energy Assistance\",\"isPartOf\":{\"@id\":\"https:\/\/energy-assistance.org\/en\/#website\"},\"datePublished\":\"2023-12-07T21:42:31+00:00\",\"dateModified\":\"2026-03-19T23:15:10+00:00\",\"breadcrumb\":{\"@id\":\"https:\/\/energy-assistance.org\/en\/gestion-des-cookies\/#breadcrumb\"},\"inLanguage\":\"en-US\",\"potentialAction\":[{\"@type\":\"ReadAction\",\"target\":[\"https:\/\/energy-assistance.org\/en\/gestion-des-cookies\/\"]}]},{\"@type\":\"BreadcrumbList\",\"@id\":\"https:\/\/energy-assistance.org\/en\/gestion-des-cookies\/#breadcrumb\",\"itemListElement\":[{\"@type\":\"ListItem\",\"position\":1,\"name\":\"Accueil\",\"item\":\"https:\/\/energy-assistance.org\/en\/\"},{\"@type\":\"ListItem\",\"position\":2,\"name\":\"Gestion des cookies\"}]},{\"@type\":\"WebSite\",\"@id\":\"https:\/\/energy-assistance.org\/en\/#website\",\"url\":\"https:\/\/energy-assistance.org\/en\/\",\"name\":\"Energy Assistance\",\"description\":\"Worldwide humanitarian projects for energy\",\"publisher\":{\"@id\":\"https:\/\/energy-assistance.org\/en\/#organization\"},\"alternateName\":\"Energy Assistance\",\"potentialAction\":[{\"@type\":\"SearchAction\",\"target\":{\"@type\":\"EntryPoint\",\"urlTemplate\":\"https:\/\/energy-assistance.org\/en\/?s={search_term_string}\"},\"query-input\":{\"@type\":\"PropertyValueSpecification\",\"valueRequired\":true,\"valueName\":\"search_term_string\"}}],\"inLanguage\":\"en-US\"},{\"@type\":\"Organization\",\"@id\":\"https:\/\/energy-assistance.org\/en\/#organization\",\"name\":\"Energy Assistance\",\"alternateName\":\"Energy Assistance\",\"url\":\"https:\/\/energy-assistance.org\/en\/\",\"logo\":{\"@type\":\"ImageObject\",\"inLanguage\":\"en-US\",\"@id\":\"https:\/\/energy-assistance.org\/en\/#\/schema\/logo\/image\/\",\"url\":\"https:\/\/energy-assistance.org\/wp-content\/uploads\/2024\/01\/favicon-ea.jpg\",\"contentUrl\":\"https:\/\/energy-assistance.org\/wp-content\/uploads\/2024\/01\/favicon-ea.jpg\",\"width\":512,\"height\":512,\"caption\":\"Energy Assistance\"},\"image\":{\"@id\":\"https:\/\/energy-assistance.org\/en\/#\/schema\/logo\/image\/\"}}]}<\/script>\n<!-- \/ Yoast SEO plugin. -->","yoast_head_json":{"title":"Gestion des cookies - Energy Assistance","robots":{"index":"index","follow":"follow","max-snippet":"max-snippet:-1","max-image-preview":"max-image-preview:large","max-video-preview":"max-video-preview:-1"},"canonical":"https:\/\/energy-assistance.org\/en\/gestion-des-cookies\/","og_locale":"en_US","og_type":"article","og_title":"Gestion des cookies - Energy Assistance","og_description":"Gestion des cookies I. Charte de gestion des cookies et autres traceurs par ENERGY ASSISTANCE 1 \u2013 Principe&nbsp; Sont concern\u00e9s les traceurs d\u00e9pos\u00e9s et lus par exemple lors de la consultation de cette plateforme, de la lecture d\u2019un courrier \u00e9lectronique, de l\u2019installation ou de l\u2019utilisation d\u2019un logiciel ou d\u2019une application mobile et ce, quel que [&hellip;]","og_url":"https:\/\/energy-assistance.org\/en\/gestion-des-cookies\/","og_site_name":"Energy Assistance","article_modified_time":"2026-03-19T23:15:10+00:00","og_image":[{"width":1280,"height":1280,"url":"https:\/\/energy-assistance.org\/wp-content\/uploads\/2023\/11\/2023-08-19-Amah-Belgique-647-Mesnil-St-Blaise-41-Grande.jpeg","type":"image\/jpeg"}],"twitter_card":"summary_large_image","twitter_misc":{"Est. reading time":"6 minutes"},"schema":{"@context":"https:\/\/schema.org","@graph":[{"@type":"WebPage","@id":"https:\/\/energy-assistance.org\/en\/gestion-des-cookies\/","url":"https:\/\/energy-assistance.org\/en\/gestion-des-cookies\/","name":"Gestion des cookies - Energy Assistance","isPartOf":{"@id":"https:\/\/energy-assistance.org\/en\/#website"},"datePublished":"2023-12-07T21:42:31+00:00","dateModified":"2026-03-19T23:15:10+00:00","breadcrumb":{"@id":"https:\/\/energy-assistance.org\/en\/gestion-des-cookies\/#breadcrumb"},"inLanguage":"en-US","potentialAction":[{"@type":"ReadAction","target":["https:\/\/energy-assistance.org\/en\/gestion-des-cookies\/"]}]},{"@type":"BreadcrumbList","@id":"https:\/\/energy-assistance.org\/en\/gestion-des-cookies\/#breadcrumb","itemListElement":[{"@type":"ListItem","position":1,"name":"Accueil","item":"https:\/\/energy-assistance.org\/en\/"},{"@type":"ListItem","position":2,"name":"Gestion des cookies"}]},{"@type":"WebSite","@id":"https:\/\/energy-assistance.org\/en\/#website","url":"https:\/\/energy-assistance.org\/en\/","name":"Energy Assistance","description":"Worldwide humanitarian projects for energy","publisher":{"@id":"https:\/\/energy-assistance.org\/en\/#organization"},"alternateName":"Energy Assistance","potentialAction":[{"@type":"SearchAction","target":{"@type":"EntryPoint","urlTemplate":"https:\/\/energy-assistance.org\/en\/?s={search_term_string}"},"query-input":{"@type":"PropertyValueSpecification","valueRequired":true,"valueName":"search_term_string"}}],"inLanguage":"en-US"},{"@type":"Organization","@id":"https:\/\/energy-assistance.org\/en\/#organization","name":"Energy Assistance","alternateName":"Energy Assistance","url":"https:\/\/energy-assistance.org\/en\/","logo":{"@type":"ImageObject","inLanguage":"en-US","@id":"https:\/\/energy-assistance.org\/en\/#\/schema\/logo\/image\/","url":"https:\/\/energy-assistance.org\/wp-content\/uploads\/2024\/01\/favicon-ea.jpg","contentUrl":"https:\/\/energy-assistance.org\/wp-content\/uploads\/2024\/01\/favicon-ea.jpg","width":512,"height":512,"caption":"Energy Assistance"},"image":{"@id":"https:\/\/energy-assistance.org\/en\/#\/schema\/logo\/image\/"}}]}},"_links":{"self":[{"href":"https:\/\/energy-assistance.org\/en\/wp-json\/wp\/v2\/pages\/3172","targetHints":{"allow":["GET"]}}],"collection":[{"href":"https:\/\/energy-assistance.org\/en\/wp-json\/wp\/v2\/pages"}],"about":[{"href":"https:\/\/energy-assistance.org\/en\/wp-json\/wp\/v2\/types\/page"}],"author":[{"embeddable":true,"href":"https:\/\/energy-assistance.org\/en\/wp-json\/wp\/v2\/users\/2"}],"replies":[{"embeddable":true,"href":"https:\/\/energy-assistance.org\/en\/wp-json\/wp\/v2\/comments?post=3172"}],"version-history":[{"count":16,"href":"https:\/\/energy-assistance.org\/en\/wp-json\/wp\/v2\/pages\/3172\/revisions"}],"predecessor-version":[{"id":10117,"href":"https:\/\/energy-assistance.org\/en\/wp-json\/wp\/v2\/pages\/3172\/revisions\/10117"}],"wp:attachment":[{"href":"https:\/\/energy-assistance.org\/en\/wp-json\/wp\/v2\/media?parent=3172"}],"curies":[{"name":"wp","href":"https:\/\/api.w.org\/{rel}","templated":true}]}}