{"id":3178,"date":"2023-12-07T21:46:23","date_gmt":"2023-12-07T21:46:23","guid":{"rendered":"https:\/\/eax.overwall.fr\/charte-de-protection-des-donnees-personnelles\/"},"modified":"2025-11-19T15:28:29","modified_gmt":"2025-11-19T15:28:29","slug":"charte-de-protection-des-donnees-personnelles","status":"publish","type":"page","link":"https:\/\/energy-assistance.org\/en\/charte-de-protection-des-donnees-personnelles\/","title":{"rendered":"Charte de protection des donn\u00e9es personnelles"},"content":{"rendered":"\t\t<div data-elementor-type=\"wp-page\" data-elementor-id=\"3178\" class=\"elementor elementor-3178 elementor-3152\" data-elementor-post-type=\"page\">\n\t\t\t\t\t\t<section class=\"elementor-section elementor-top-section elementor-element elementor-element-0352b25 elementor-section-height-min-height elementor-section-boxed elementor-section-height-default elementor-section-items-middle\" data-id=\"0352b25\" data-element_type=\"section\" data-e-type=\"section\" data-settings=\"{&quot;background_background&quot;:&quot;classic&quot;}\">\n\t\t\t\t\t\t\t<div class=\"elementor-background-overlay\"><\/div>\n\t\t\t\t\t\t\t<div class=\"elementor-container elementor-column-gap-default\">\n\t\t\t\t\t<div class=\"elementor-column elementor-col-100 elementor-top-column elementor-element elementor-element-2bb7352\" data-id=\"2bb7352\" data-element_type=\"column\" data-e-type=\"column\">\n\t\t\t<div class=\"elementor-widget-wrap elementor-element-populated\">\n\t\t\t\t\t\t<div class=\"elementor-element elementor-element-27984a1 elementor-widget elementor-widget-heading\" data-id=\"27984a1\" data-element_type=\"widget\" data-e-type=\"widget\" data-widget_type=\"heading.default\">\n\t\t\t\t<div class=\"elementor-widget-container\">\n\t\t\t\t\t<h1 class=\"elementor-heading-title elementor-size-default\">Charte de protection des donn\u00e9es personnelles\n<\/h1>\t\t\t\t<\/div>\n\t\t\t\t<\/div>\n\t\t\t\t\t<\/div>\n\t\t<\/div>\n\t\t\t\t\t<\/div>\n\t\t<\/section>\n\t\t\t\t<section class=\"elementor-section elementor-top-section elementor-element elementor-element-0ad9d73 elementor-section-boxed elementor-section-height-default elementor-section-height-default\" data-id=\"0ad9d73\" data-element_type=\"section\" data-e-type=\"section\">\n\t\t\t\t\t\t<div class=\"elementor-container elementor-column-gap-default\">\n\t\t\t\t\t<div class=\"elementor-column elementor-col-100 elementor-top-column elementor-element elementor-element-576d42d\" data-id=\"576d42d\" data-element_type=\"column\" data-e-type=\"column\">\n\t\t\t<div class=\"elementor-widget-wrap elementor-element-populated\">\n\t\t\t\t\t\t<div class=\"elementor-element elementor-element-84bb45b elementor-widget elementor-widget-text-editor\" data-id=\"84bb45b\" data-element_type=\"widget\" data-e-type=\"widget\" data-widget_type=\"text-editor.default\">\n\t\t\t\t<div class=\"elementor-widget-container\">\n\t\t\t\t\t\t\t\t\t<div class=\"page-wrapper\"><div class=\"sections-container\"><article id=\"post-89071\" class=\"page-body style-light-bg post-89071 page type-page status-publish hentry\"><div class=\"post-wrapper\"><div class=\"post-body\"><div class=\"post-content un-no-sidebar-layout\"><div id=\"row-unique-0\" class=\"vc_row row-container\" data-parent=\"true\" data-section=\"0\"><div class=\"row double-top-padding double-bottom-padding single-h-padding limit-width row-parent\" data-imgready=\"true\"><div class=\"wpb_row row-inner\"><div class=\"wpb_column pos-top pos-center align_left column_parent col-lg-12 single-internal-gutter\"><div class=\"uncol style-light\"><div class=\"uncoltable\"><div class=\"uncell no-block-padding\"><div class=\"uncont\"><div class=\"uncode_text_column\"><p>ENERGY ASSISTANCE, dont le si\u00e8ge social est situ\u00e9 au 1 place Samuel de Champlain 92930 Paris La D\u00e9fense Cedex, est amen\u00e9e, dans le cadre de ses activit\u00e9s, \u00e0 traiter de nombreuses donn\u00e9es \u00e0 caract\u00e8re personnelle (celles de ses collaborateurs, clients, sous-traitants, fournisseurs\u2026).<\/p><p>Conscient de l\u2019importance de ces donn\u00e9es, ENERGY ASSISTANCE s\u2019engage \u00e0 les prot\u00e9ger en conformit\u00e9 avec le R\u00e8glement G\u00e9n\u00e9ral sur la Protection des Donn\u00e9es (RGPD).<\/p><p>En tant qu\u2019acteur responsable, ENERGY ASSISTANCE a \u00e9dict\u00e9 la pr\u00e9sente Charte de protection des donn\u00e9es personnelles pour r\u00e9affirmer clairement ses engagements qui reposent sur les grands principes du RGPD.<\/p><p>Ainsi, ENERGY ASSISTANCE prend les engagements suivants :<\/p><ul><li>Assurer en permanence une information claire et transparente vis-\u00e0-vis de l\u2019utilisation qui est faite des donn\u00e9es personnelles ;<\/li><li>Collecter les donn\u00e9es personnelles uniquement pour des finalit\u00e9s d\u00e9termin\u00e9es, explicites et l\u00e9gitimes ;<\/li><li>Assurer en permanence que les donn\u00e9es collect\u00e9es sont ad\u00e9quates, pertinentes et limit\u00e9es au regard des finalit\u00e9s ;<\/li><li>Purger ou anonymiser les donn\u00e9es personnelles trait\u00e9es lorsque les dur\u00e9es de conservation ont \u00e9t\u00e9 atteintes ;<\/li><li>Assurer la s\u00e9curit\u00e9 et la confidentialit\u00e9 des donn\u00e9es personnelles trait\u00e9es ;<\/li><li>Respecter l\u2019exercice des droits des personnes concern\u00e9es dans les d\u00e9lais impartis ;<\/li><li>Ne pas r\u00e9utiliser les donn\u00e9es collect\u00e9es \u00e0 d\u2019autres fins que celles pour lesquelles elles ont \u00e9t\u00e9 initialement collect\u00e9es.<\/li><\/ul><p>ENERGY ASSISTANCE est responsable du traitement de donn\u00e9es personnelles relatives \u00e0 la gestion du site internet que vous visitez. La pr\u00e9sente Charte vous permet d\u2019avoir toutes les informations n\u00e9cessaires \u00e0 la compr\u00e9hension du traitement mis en place. <\/p><p>Afin de l\u2019aider \u00e0 maintenir un niveau de conformit\u00e9 par rapport \u00e0 la r\u00e9glementation en mati\u00e8re de protection des donn\u00e9es personnelles, ENERGY ASSISTANCE a nomm\u00e9 un D\u00e9l\u00e9gu\u00e9 \u00e0 la Protection des Donn\u00e9es (DPO).<\/p><h3>1 \u2013 Finalit\u00e9 du traitement et types de donn\u00e9es collect\u00e9es<\/h3><p>Lors de votre visite du site internet www.energy-assistance.org, vous \u00eates susceptibles de nous fournir, via un formulaire de collecte de donn\u00e9es, votre mail afin de permettre votre inscription \u00e0 la newsletter. La fourniture de ces donn\u00e9es est n\u00e9cessaire pour recevoir la newsletter. <\/p><p>Des donn\u00e9es anonymis\u00e9es sont \u00e9galement collect\u00e9es pour assurer la performance des contenus et proposer la meilleure exp\u00e9rience possible \u00e0 l\u2019utilisation. Avec ces \u00e9l\u00e9ments, nous pouvons orienter la structure et les parcours des utilisateurs. Par exemple, la facilit\u00e9 li\u00e9e au t\u00e9l\u00e9chargement d\u2019un communiqu\u00e9 de presse ; optimiser la recherche d\u2019information sur le site www.energy-assistance.org en proposant le parcours le plus court possible ; etc.  <\/p><p>Vos donn\u00e9es personnelles ne seront pas trait\u00e9es ult\u00e9rieurement de mani\u00e8re incompatible avec les finalit\u00e9s d\u00e9crites ci-dessus.<\/p><h3>2 \u2013 Prise de d\u00e9cision automatis\u00e9e<\/h3><p>Le traitement ne pr\u00e9voit pas de prise de d\u00e9cision automatis\u00e9e.<\/p><h3>3 \u2013 La base juridique du traitement<\/h3><p>Les donn\u00e9es contenues sur le formulaire d\u2019inscription \u00e0 la newsletter sont collect\u00e9es par ENERGY ASSISTANCE sur la base de votre consentement.<\/p><h3>4 \u2013 Dur\u00e9e de conservation<\/h3><p>Vos donn\u00e9es personnelles sont uniquement conserv\u00e9es pendant la dur\u00e9e de votre abonnement \u00e0 la newsletter. Vous avez la possibilit\u00e9 de vous d\u00e9sinscrire en suivant le lien de d\u00e9sinscription dans les mails que vous recevez ou en \u00e9crivant au D\u00e9l\u00e9gu\u00e9 \u00e0 la Protection des Donn\u00e9es d\u2019ENERGY ASSISTANCE dont les coordonn\u00e9es se trouvent ci-dessous. <\/p><h3>5 \u2013 Destinataires des donn\u00e9es<\/h3><p>Vos donn\u00e9es sont r\u00e9serv\u00e9es \u00e0 l\u2019usage du secr\u00e9tariat g\u00e9n\u00e9ral de la Fondation en charge de la gestion de la Newsletter et ne peuvent \u00eatre communiqu\u00e9es qu\u2019au destinataire suivant : le prestataire OverWall.<\/p><p>Dans l\u2019hypoth\u00e8se o\u00f9 vos donn\u00e9es seraient transmises \u00e0 d\u2019autres tiers, notamment des services internes d\u2019ENERGY ASSISTANCE, ENERGY ASSISTANCE se conformera aux lois applicables, dans le cadre de la communication de vos donn\u00e9es personnelles.<\/p><h3>6 \u2013 S\u00e9curit\u00e9 et confidentialit\u00e9 de vos donn\u00e9es<\/h3><p>ENERGY ASSISTANCE, en sa qualit\u00e9 de responsable du traitement, met en \u0153uvre des mesures appropri\u00e9es pour pr\u00e9server la s\u00e9curit\u00e9 et la confidentialit\u00e9 de vos donn\u00e9es personnelles et, notamment, pour emp\u00eacher qu\u2019elles soient d\u00e9form\u00e9es, endommag\u00e9es, ou que des tiers non autoris\u00e9s y aient acc\u00e8s.<\/p><h3>7 \u2013 Vos droits<\/h3><p>Conform\u00e9ment \u00e0 la r\u00e8glementation applicable, vous pouvez demander la rectification ou l\u2019effacement de vos donn\u00e9es en vous connectant \u00e0 votre compte cr\u00e9e lors de votre inscription. Vous disposez \u00e9galement d\u2019un droit d\u2019opposition, de limitation et de portabilit\u00e9 de vos donn\u00e9es. <\/p><p>Vous pouvez exercer l\u2019ensemble de ces droits en vous adressant :<\/p><ul><li>A l\u2019adresse postale : ENERGY ASSISTANCE \u2013 Tour T1 &#8211; 1 place Samuel Champlain, Faubourg de l\u2019Arche 92930 Courbevoie, France.<\/li><\/ul><p>Si vous estimez, apr\u00e8s nous avoir contact\u00e9, que vos droits Informatique et Libert\u00e9s ne sont pas respect\u00e9s ou que le dispositif n\u2019est pas conforme aux r\u00e8gles de protection des donn\u00e9es, vous pouvez adresser une r\u00e9clamation aupr\u00e8s de la Commission Nationale de l\u2019informatique et des Libert\u00e9s (CNIL). Vous pouvez acc\u00e9der \u00e0 leur site au lient suivant : <a href=\"https:\/\/www.cnil.fr\/\">https:\/\/www.cnil.fr<\/a>. <\/p><h3>8 \u2013 Les coordonn\u00e9es du DPO<\/h3><p>ENERGY ASSISTANCE a nomm\u00e9 aupr\u00e8s de la Commission Nationale de l\u2019Informatique et des Libert\u00e9s (CNIL) un D\u00e9l\u00e9gu\u00e9 \u00e0 la Protection des Donn\u00e9es, que vous pouvez contacter :<\/p><ul><li>\u00e0 l\u2019adresse suivante : ENERGY ASSISTANCE, Tour T1, 1 place Samuel de Champlain \u2013 92930 Paris La D\u00e9fense \u2013 Cedex \u2013 France,<\/li><\/ul><h3>9 \u2013 Gestion des cookies<\/h3><p>Pour plus d\u2019information sur la gestion des cookies et autres traceurs par ENERGY ASSISTANCE, veuillez cliquer sur le lien ci-dessous :<\/p><\/div><div class=\"vc_row row-internal row-container\"><div class=\"row row-child\"><div class=\"wpb_row row-inner\"><div class=\"wpb_column pos-middle pos-center align_center column_child col-lg-12 single-internal-gutter\"><div class=\"uncol style-light\"><div class=\"uncoltable\"><div class=\"uncell no-block-padding\"><div class=\"uncont\"><a href=\"https:\/\/energy-assistance.org\/en\/gestion-des-cookies\/\"><span class=\"btn-container\">PAGE GESTION DES COOKIES<\/span><\/a><\/div><\/div><\/div><\/div><\/div><\/div><\/div><\/div><\/div><\/div><\/div><\/div><\/div><\/div><\/div><\/div><\/div><\/div><\/div><\/article><\/div><\/div><footer id=\"colophon\" class=\"site-footer\"><div id=\"row-unique-1\" class=\"vc_row row-container\" data-parent=\"true\" data-section=\"1\"><div class=\"row-background background-element\"><div class=\"background-wrapper\"> <\/div><\/div><\/div><\/footer>\t\t\t\t\t\t\t\t<\/div>\n\t\t\t\t<\/div>\n\t\t\t\t\t<\/div>\n\t\t<\/div>\n\t\t\t\t\t<\/div>\n\t\t<\/section>\n\t\t\t\t<\/div>\n\t\t","protected":false},"excerpt":{"rendered":"<p>Charte de protection des donn\u00e9es personnelles ENERGY ASSISTANCE, dont le si\u00e8ge social est situ\u00e9 au 1 place Samuel de Champlain 92930 Paris La D\u00e9fense Cedex, est amen\u00e9e, dans le cadre de ses activit\u00e9s, \u00e0 traiter de nombreuses donn\u00e9es \u00e0 caract\u00e8re personnelle (celles de ses collaborateurs, clients, sous-traitants, fournisseurs\u2026). Conscient de l\u2019importance de ces donn\u00e9es, ENERGY [&hellip;]<\/p>\n","protected":false},"author":2,"featured_media":0,"parent":0,"menu_order":0,"comment_status":"closed","ping_status":"closed","template":"","meta":{"footnotes":""},"class_list":["post-3178","page","type-page","status-publish","hentry"],"yoast_head":"<!-- This site is optimized with the Yoast SEO plugin v27.2 - https:\/\/yoast.com\/product\/yoast-seo-wordpress\/ -->\n<title>Charte de protection des donn\u00e9es personnelles - Energy Assistance<\/title>\n<meta name=\"robots\" content=\"index, follow, max-snippet:-1, max-image-preview:large, max-video-preview:-1\" \/>\n<link rel=\"canonical\" href=\"https:\/\/energy-assistance.org\/en\/charte-de-protection-des-donnees-personnelles\/\" \/>\n<meta property=\"og:locale\" content=\"en_US\" \/>\n<meta property=\"og:type\" content=\"article\" \/>\n<meta property=\"og:title\" content=\"Charte de protection des donn\u00e9es personnelles - Energy Assistance\" \/>\n<meta property=\"og:description\" content=\"Charte de protection des donn\u00e9es personnelles ENERGY ASSISTANCE, dont le si\u00e8ge social est situ\u00e9 au 1 place Samuel de Champlain 92930 Paris La D\u00e9fense Cedex, est amen\u00e9e, dans le cadre de ses activit\u00e9s, \u00e0 traiter de nombreuses donn\u00e9es \u00e0 caract\u00e8re personnelle (celles de ses collaborateurs, clients, sous-traitants, fournisseurs\u2026). Conscient de l\u2019importance de ces donn\u00e9es, ENERGY [&hellip;]\" \/>\n<meta property=\"og:url\" content=\"https:\/\/energy-assistance.org\/en\/charte-de-protection-des-donnees-personnelles\/\" \/>\n<meta property=\"og:site_name\" content=\"Energy Assistance\" \/>\n<meta property=\"article:modified_time\" content=\"2025-11-19T15:28:29+00:00\" \/>\n<meta property=\"og:image\" content=\"https:\/\/energy-assistance.org\/wp-content\/uploads\/2023\/11\/2023-08-19-Amah-Belgique-647-Mesnil-St-Blaise-41-Grande.jpeg\" \/>\n\t<meta property=\"og:image:width\" content=\"1280\" \/>\n\t<meta property=\"og:image:height\" content=\"1280\" \/>\n\t<meta property=\"og:image:type\" content=\"image\/jpeg\" \/>\n<meta name=\"twitter:card\" content=\"summary_large_image\" \/>\n<meta name=\"twitter:label1\" content=\"Est. reading time\" \/>\n\t<meta name=\"twitter:data1\" content=\"5 minutes\" \/>\n<script type=\"application\/ld+json\" class=\"yoast-schema-graph\">{\"@context\":\"https:\/\/schema.org\",\"@graph\":[{\"@type\":\"WebPage\",\"@id\":\"https:\/\/energy-assistance.org\/en\/charte-de-protection-des-donnees-personnelles\/\",\"url\":\"https:\/\/energy-assistance.org\/en\/charte-de-protection-des-donnees-personnelles\/\",\"name\":\"Charte de protection des donn\u00e9es personnelles - Energy Assistance\",\"isPartOf\":{\"@id\":\"https:\/\/energy-assistance.org\/en\/#website\"},\"datePublished\":\"2023-12-07T21:46:23+00:00\",\"dateModified\":\"2025-11-19T15:28:29+00:00\",\"breadcrumb\":{\"@id\":\"https:\/\/energy-assistance.org\/en\/charte-de-protection-des-donnees-personnelles\/#breadcrumb\"},\"inLanguage\":\"en-US\",\"potentialAction\":[{\"@type\":\"ReadAction\",\"target\":[\"https:\/\/energy-assistance.org\/en\/charte-de-protection-des-donnees-personnelles\/\"]}]},{\"@type\":\"BreadcrumbList\",\"@id\":\"https:\/\/energy-assistance.org\/en\/charte-de-protection-des-donnees-personnelles\/#breadcrumb\",\"itemListElement\":[{\"@type\":\"ListItem\",\"position\":1,\"name\":\"Accueil\",\"item\":\"https:\/\/energy-assistance.org\/en\/\"},{\"@type\":\"ListItem\",\"position\":2,\"name\":\"Charte de protection des donn\u00e9es personnelles\"}]},{\"@type\":\"WebSite\",\"@id\":\"https:\/\/energy-assistance.org\/en\/#website\",\"url\":\"https:\/\/energy-assistance.org\/en\/\",\"name\":\"Energy Assistance\",\"description\":\"Worldwide humanitarian projects for energy\",\"publisher\":{\"@id\":\"https:\/\/energy-assistance.org\/en\/#organization\"},\"alternateName\":\"Energy Assistance\",\"potentialAction\":[{\"@type\":\"SearchAction\",\"target\":{\"@type\":\"EntryPoint\",\"urlTemplate\":\"https:\/\/energy-assistance.org\/en\/?s={search_term_string}\"},\"query-input\":{\"@type\":\"PropertyValueSpecification\",\"valueRequired\":true,\"valueName\":\"search_term_string\"}}],\"inLanguage\":\"en-US\"},{\"@type\":\"Organization\",\"@id\":\"https:\/\/energy-assistance.org\/en\/#organization\",\"name\":\"Energy Assistance\",\"alternateName\":\"Energy Assistance\",\"url\":\"https:\/\/energy-assistance.org\/en\/\",\"logo\":{\"@type\":\"ImageObject\",\"inLanguage\":\"en-US\",\"@id\":\"https:\/\/energy-assistance.org\/en\/#\/schema\/logo\/image\/\",\"url\":\"https:\/\/energy-assistance.org\/wp-content\/uploads\/2024\/01\/favicon-ea.jpg\",\"contentUrl\":\"https:\/\/energy-assistance.org\/wp-content\/uploads\/2024\/01\/favicon-ea.jpg\",\"width\":512,\"height\":512,\"caption\":\"Energy Assistance\"},\"image\":{\"@id\":\"https:\/\/energy-assistance.org\/en\/#\/schema\/logo\/image\/\"}}]}<\/script>\n<!-- \/ Yoast SEO plugin. -->","yoast_head_json":{"title":"Charte de protection des donn\u00e9es personnelles - Energy Assistance","robots":{"index":"index","follow":"follow","max-snippet":"max-snippet:-1","max-image-preview":"max-image-preview:large","max-video-preview":"max-video-preview:-1"},"canonical":"https:\/\/energy-assistance.org\/en\/charte-de-protection-des-donnees-personnelles\/","og_locale":"en_US","og_type":"article","og_title":"Charte de protection des donn\u00e9es personnelles - Energy Assistance","og_description":"Charte de protection des donn\u00e9es personnelles ENERGY ASSISTANCE, dont le si\u00e8ge social est situ\u00e9 au 1 place Samuel de Champlain 92930 Paris La D\u00e9fense Cedex, est amen\u00e9e, dans le cadre de ses activit\u00e9s, \u00e0 traiter de nombreuses donn\u00e9es \u00e0 caract\u00e8re personnelle (celles de ses collaborateurs, clients, sous-traitants, fournisseurs\u2026). Conscient de l\u2019importance de ces donn\u00e9es, ENERGY [&hellip;]","og_url":"https:\/\/energy-assistance.org\/en\/charte-de-protection-des-donnees-personnelles\/","og_site_name":"Energy Assistance","article_modified_time":"2025-11-19T15:28:29+00:00","og_image":[{"width":1280,"height":1280,"url":"https:\/\/energy-assistance.org\/wp-content\/uploads\/2023\/11\/2023-08-19-Amah-Belgique-647-Mesnil-St-Blaise-41-Grande.jpeg","type":"image\/jpeg"}],"twitter_card":"summary_large_image","twitter_misc":{"Est. reading time":"5 minutes"},"schema":{"@context":"https:\/\/schema.org","@graph":[{"@type":"WebPage","@id":"https:\/\/energy-assistance.org\/en\/charte-de-protection-des-donnees-personnelles\/","url":"https:\/\/energy-assistance.org\/en\/charte-de-protection-des-donnees-personnelles\/","name":"Charte de protection des donn\u00e9es personnelles - Energy Assistance","isPartOf":{"@id":"https:\/\/energy-assistance.org\/en\/#website"},"datePublished":"2023-12-07T21:46:23+00:00","dateModified":"2025-11-19T15:28:29+00:00","breadcrumb":{"@id":"https:\/\/energy-assistance.org\/en\/charte-de-protection-des-donnees-personnelles\/#breadcrumb"},"inLanguage":"en-US","potentialAction":[{"@type":"ReadAction","target":["https:\/\/energy-assistance.org\/en\/charte-de-protection-des-donnees-personnelles\/"]}]},{"@type":"BreadcrumbList","@id":"https:\/\/energy-assistance.org\/en\/charte-de-protection-des-donnees-personnelles\/#breadcrumb","itemListElement":[{"@type":"ListItem","position":1,"name":"Accueil","item":"https:\/\/energy-assistance.org\/en\/"},{"@type":"ListItem","position":2,"name":"Charte de protection des donn\u00e9es personnelles"}]},{"@type":"WebSite","@id":"https:\/\/energy-assistance.org\/en\/#website","url":"https:\/\/energy-assistance.org\/en\/","name":"Energy Assistance","description":"Worldwide humanitarian projects for energy","publisher":{"@id":"https:\/\/energy-assistance.org\/en\/#organization"},"alternateName":"Energy Assistance","potentialAction":[{"@type":"SearchAction","target":{"@type":"EntryPoint","urlTemplate":"https:\/\/energy-assistance.org\/en\/?s={search_term_string}"},"query-input":{"@type":"PropertyValueSpecification","valueRequired":true,"valueName":"search_term_string"}}],"inLanguage":"en-US"},{"@type":"Organization","@id":"https:\/\/energy-assistance.org\/en\/#organization","name":"Energy Assistance","alternateName":"Energy Assistance","url":"https:\/\/energy-assistance.org\/en\/","logo":{"@type":"ImageObject","inLanguage":"en-US","@id":"https:\/\/energy-assistance.org\/en\/#\/schema\/logo\/image\/","url":"https:\/\/energy-assistance.org\/wp-content\/uploads\/2024\/01\/favicon-ea.jpg","contentUrl":"https:\/\/energy-assistance.org\/wp-content\/uploads\/2024\/01\/favicon-ea.jpg","width":512,"height":512,"caption":"Energy Assistance"},"image":{"@id":"https:\/\/energy-assistance.org\/en\/#\/schema\/logo\/image\/"}}]}},"_links":{"self":[{"href":"https:\/\/energy-assistance.org\/en\/wp-json\/wp\/v2\/pages\/3178","targetHints":{"allow":["GET"]}}],"collection":[{"href":"https:\/\/energy-assistance.org\/en\/wp-json\/wp\/v2\/pages"}],"about":[{"href":"https:\/\/energy-assistance.org\/en\/wp-json\/wp\/v2\/types\/page"}],"author":[{"embeddable":true,"href":"https:\/\/energy-assistance.org\/en\/wp-json\/wp\/v2\/users\/2"}],"replies":[{"embeddable":true,"href":"https:\/\/energy-assistance.org\/en\/wp-json\/wp\/v2\/comments?post=3178"}],"version-history":[{"count":12,"href":"https:\/\/energy-assistance.org\/en\/wp-json\/wp\/v2\/pages\/3178\/revisions"}],"predecessor-version":[{"id":4672,"href":"https:\/\/energy-assistance.org\/en\/wp-json\/wp\/v2\/pages\/3178\/revisions\/4672"}],"wp:attachment":[{"href":"https:\/\/energy-assistance.org\/en\/wp-json\/wp\/v2\/media?parent=3178"}],"curies":[{"name":"wp","href":"https:\/\/api.w.org\/{rel}","templated":true}]}}